{"id":46,"date":"2025-10-20T19:38:03","date_gmt":"2025-10-20T19:38:03","guid":{"rendered":"http:\/\/sosyalus.com\/?page_id=46"},"modified":"2025-10-20T19:41:11","modified_gmt":"2025-10-20T19:41:11","slug":"hakkimizda-sosyalus","status":"publish","type":"page","link":"https:\/\/sosyalus.com\/?page_id=46","title":{"rendered":"Hakk\u0131m\u0131zda | SosyalUS"},"content":{"rendered":"\n<p><\/p>\n\n\n\n<figure class=\"wp-block-pullquote has-small-font-size\"><blockquote><p><strong>&#8211; HAKKIMIZDA &#8211;<br><\/strong><br><strong>Her markan\u0131n anlatacak bir hikayesi vard\u0131r. Biz o hikayeyi do\u011fru \u015fekilde duyururuz.<\/strong><br>SosyalUS, markalar\u0131n kimli\u011fini g\u00fc\u00e7lendiren, ileti\u015fim dilini do\u011fru stratejilerle \u015fekillendiren bir medya ajans\u0131d\u0131r.<br>Her projede \u00f6nce markay\u0131 dinler, hedeflerini anlar, sonra o hedefe en uygun ileti\u015fim haritas\u0131n\u0131 \u00e7izeriz. \u00c7\u00fcnk\u00fc iyi bir strateji, samimi bir anlay\u0131\u015fla ba\u015flar.<br>Dijital d\u00fcnyadan gelen enerjimizi, kurumsal deneyimle birle\u015ftiriyoruz.<br>Sosyal medyadan prod\u00fcksiyona, marka y\u00f6netiminden halkla ili\u015fkilere kadar geni\u015f bir alanda markalara <strong>b\u00fct\u00fcnle\u015fik ileti\u015fim \u00e7\u00f6z\u00fcmleri<\/strong> sunuyoruz.<br>Bizim i\u00e7in her i\u015f, markan\u0131n ruhuna dokunmak ve o ruha g\u00f6r\u00fcn\u00fcr bir kimlik kazand\u0131rmakla ilgilidir.<br>G\u00fcven, yarat\u0131c\u0131l\u0131k ve s\u00fcrd\u00fcr\u00fclebilirlik\u2026<br>SosyalUS olarak t\u00fcm \u00e7al\u0131\u015fmalar\u0131m\u0131z\u0131 bu \u00fc\u00e7 kavram \u00fczerine kuruyoruz. Her ad\u0131mda markalar\u0131m\u0131z\u0131n hedeflerine ula\u015fmas\u0131n\u0131, do\u011fru kitleyle kal\u0131c\u0131 bir ba\u011f kurmas\u0131n\u0131 ama\u00e7l\u0131yoruz.<br><strong>SosyalUS \u2014 ileti\u015fimi anlaml\u0131 k\u0131lmak i\u00e7in var.<\/strong><\/p><\/blockquote><\/figure>\n\n\n\n<p><\/p>\n","protected":false},"excerpt":{"rendered":"<p>&#8211; HAKKIMIZDA &#8211;Her markan\u0131n anlatacak bir hikayesi vard\u0131r. Biz o hikayeyi do\u011fru \u015fekilde duyururuz.SosyalUS, markalar\u0131n kimli\u011fini g\u00fc\u00e7lendiren, ileti\u015fim dilini do\u011fru stratejilerle \u015fekillendiren bir medya ajans\u0131d\u0131r.Her projede \u00f6nce markay\u0131 dinler, hedeflerini anlar, sonra o hedefe en uygun ileti\u015fim haritas\u0131n\u0131 \u00e7izeriz. \u00c7\u00fcnk\u00fc iyi bir strateji, samimi bir anlay\u0131\u015fla ba\u015flar.Dijital d\u00fcnyadan gelen enerjimizi, kurumsal deneyimle birle\u015ftiriyoruz.Sosyal medyadan prod\u00fcksiyona, [&hellip;]<\/p>\n","protected":false},"author":1,"featured_media":0,"parent":0,"menu_order":0,"comment_status":"closed","ping_status":"closed","template":"","meta":{"footnotes":""},"class_list":["post-46","page","type-page","status-publish","hentry"],"_links":{"self":[{"href":"https:\/\/sosyalus.com\/index.php?rest_route=\/wp\/v2\/pages\/46","targetHints":{"allow":["GET"]}}],"collection":[{"href":"https:\/\/sosyalus.com\/index.php?rest_route=\/wp\/v2\/pages"}],"about":[{"href":"https:\/\/sosyalus.com\/index.php?rest_route=\/wp\/v2\/types\/page"}],"author":[{"embeddable":true,"href":"https:\/\/sosyalus.com\/index.php?rest_route=\/wp\/v2\/users\/1"}],"replies":[{"embeddable":true,"href":"https:\/\/sosyalus.com\/index.php?rest_route=%2Fwp%2Fv2%2Fcomments&post=46"}],"version-history":[{"count":3,"href":"https:\/\/sosyalus.com\/index.php?rest_route=\/wp\/v2\/pages\/46\/revisions"}],"predecessor-version":[{"id":53,"href":"https:\/\/sosyalus.com\/index.php?rest_route=\/wp\/v2\/pages\/46\/revisions\/53"}],"wp:attachment":[{"href":"https:\/\/sosyalus.com\/index.php?rest_route=%2Fwp%2Fv2%2Fmedia&parent=46"}],"curies":[{"name":"wp","href":"https:\/\/api.w.org\/{rel}","templated":true}]}}