{"id":54,"date":"2025-10-20T19:49:45","date_gmt":"2025-10-20T19:49:45","guid":{"rendered":"http:\/\/sosyalus.com\/?page_id=54"},"modified":"2025-10-20T20:12:24","modified_gmt":"2025-10-20T20:12:24","slug":"hizmetler","status":"publish","type":"page","link":"https:\/\/sosyalus.com\/?page_id=54","title":{"rendered":"H\u0130ZMETLER"},"content":{"rendered":"\n<h3 class=\"wp-block-heading has-text-align-center\">&#8211; Hizmetlerimiz &#8211;<\/h3>\n\n\n\n<blockquote class=\"wp-block-quote has-text-align-center is-layout-flow wp-block-quote-is-layout-flow\">\n<p class=\"has-text-align-center\"><strong>Markan\u0131 anlatman\u0131n bir\u00e7ok yolu var. Biz hepsini senin i\u00e7in birle\u015ftiriyoruz.<\/strong><\/p>\n\n\n\n<p class=\"has-text-align-center\">SosyalUS, dijital d\u00fcnyan\u0131n h\u0131z\u0131na ayak uydururken markalar\u0131n \u00f6z\u00fcn\u00fc koruyan ileti\u015fim \u00e7\u00f6z\u00fcmleri \u00fcretir.<br>Stratejiden prod\u00fcksiyona, i\u00e7erikten halkla ili\u015fkilere kadar her ad\u0131mda do\u011fru mesaj\u0131, do\u011fru zamanda, do\u011fru kitleye ula\u015ft\u0131r\u0131r\u0131z.<br>\u00c7\u00fcnk\u00fc iyi kurgulanm\u0131\u015f bir ileti\u015fim, fark edilmenin ilk ad\u0131m\u0131d\u0131r.<\/p>\n<\/blockquote>\n\n\n\n<div style=\"height:0px\" aria-hidden=\"true\" class=\"wp-block-spacer\"><\/div>\n\n\n\n<div class=\"wp-block-media-text is-stacked-on-mobile\" style=\"margin-top:var(--wp--preset--spacing--80);margin-right:var(--wp--preset--spacing--80);margin-bottom:var(--wp--preset--spacing--80);margin-left:var(--wp--preset--spacing--80);padding-top:var(--wp--preset--spacing--60);padding-right:var(--wp--preset--spacing--80);padding-bottom:var(--wp--preset--spacing--60);padding-left:var(--wp--preset--spacing--80);grid-template-columns:36% auto\"><figure class=\"wp-block-media-text__media\"><img decoding=\"async\" src=\"http:\/\/sosyalus.com\/wp-content\/uploads\/2025\/10\/2-1.png\" alt=\"\" class=\"wp-image-71 size-full\"\/><\/figure><div class=\"wp-block-media-text__content\">\n<h2 class=\"wp-block-heading\">Strateji ve Marka Y\u00f6netimi<\/h2>\n\n\n\n<p>Bir markan\u0131n g\u00fc\u00e7l\u00fc bir kimli\u011fe sahip olmas\u0131, stratejik bir temele dayan\u0131r.<br>SosyalUS olarak markan\u0131 analiz eder, rakiplerini de\u011ferlendirir, hedef kitleni tan\u0131mlar\u0131z.<br>Sonras\u0131nda markan\u0131n duru\u015funu, tonunu ve hikayesini belirleyen bir strateji plan\u0131 olu\u015ftururuz.<br><strong>Do\u011fru plan, do\u011fru ileti\u015fimle birle\u015fti\u011finde marka fark edilir hale gelir.<\/strong><\/p>\n<\/div><\/div>\n\n\n\n<div class=\"wp-block-media-text has-media-on-the-right is-stacked-on-mobile\" style=\"margin-top:var(--wp--preset--spacing--80);margin-right:var(--wp--preset--spacing--80);margin-bottom:var(--wp--preset--spacing--80);margin-left:var(--wp--preset--spacing--80);padding-top:var(--wp--preset--spacing--60);padding-right:var(--wp--preset--spacing--80);padding-bottom:var(--wp--preset--spacing--60);padding-left:var(--wp--preset--spacing--80);grid-template-columns:auto 34%\"><div class=\"wp-block-media-text__content\">\n<h2 class=\"wp-block-heading\">Sosyal Medya Y\u00f6netimi ve \u0130\u00e7erik \u00dcretimi<\/h2>\n\n\n\n<p>Dijital d\u00fcnyada g\u00f6r\u00fcn\u00fcr olman\u0131n anahtar\u0131, \u00f6zg\u00fcn ve etkileyici i\u00e7eriktir.<br>Metinden videoya, foto\u011fraftan k\u0131sa formata kadar her i\u00e7erik t\u00fcr\u00fcnde markan\u0131n kimli\u011fine uygun \u00f6zg\u00fcn \u00fcretimler yap\u0131yoruz.<br>SosyalUS; planl\u0131, d\u00fczenli ve \u00f6l\u00e7\u00fcmlenebilir sosyal medya y\u00f6netimiyle markan\u0131 sadece \u201cpayla\u015fan\u201d de\u011fil, \u201ckonu\u015fulan\u201d hale getirir.<\/p>\n<\/div><figure class=\"wp-block-media-text__media\"><img loading=\"lazy\" decoding=\"async\" width=\"2560\" height=\"2560\" src=\"http:\/\/sosyalus.com\/wp-content\/uploads\/2025\/10\/5-scaled.png\" alt=\"\" class=\"wp-image-72 size-full\"\/><\/figure><\/div>\n\n\n\n<div class=\"wp-block-media-text is-stacked-on-mobile\" style=\"margin-top:var(--wp--preset--spacing--80);margin-right:var(--wp--preset--spacing--80);margin-bottom:var(--wp--preset--spacing--80);margin-left:var(--wp--preset--spacing--80);padding-top:var(--wp--preset--spacing--60);padding-right:var(--wp--preset--spacing--80);padding-bottom:var(--wp--preset--spacing--60);padding-left:var(--wp--preset--spacing--80);grid-template-columns:38% auto\"><figure class=\"wp-block-media-text__media\"><img decoding=\"async\" src=\"http:\/\/sosyalus.com\/wp-content\/uploads\/2025\/10\/1-1.png\" alt=\"\" class=\"wp-image-73 size-full\"\/><\/figure><div class=\"wp-block-media-text__content\">\n<h2 class=\"wp-block-heading\">Prod\u00fcksiyon ve Tasar\u0131m<\/h2>\n\n\n\n<p>Bir g\u00f6rsel, bin kelime anlat\u0131r.<br>Biz o g\u00f6rselin her karesini markan\u0131n kimli\u011fine g\u00f6re tasarlar\u0131z.<br>Profesyonel video prod\u00fcksiyon, foto\u011fraf \u00e7ekimi, animasyon ve grafik tasar\u0131m hizmetlerimizle<br>markan\u0131 hem dijitalde hem geleneksel mecralarda g\u00fc\u00e7l\u00fc bir \u015fekilde temsil ederiz.<br><strong>G\u00f6rsellik bizim dilimizdir; senin hikayeni estetikle anlat\u0131r\u0131z.<\/strong><\/p>\n<\/div><\/div>\n\n\n\n<div class=\"wp-block-media-text has-media-on-the-right is-stacked-on-mobile\" style=\"margin-top:var(--wp--preset--spacing--80);margin-right:var(--wp--preset--spacing--80);margin-bottom:var(--wp--preset--spacing--80);margin-left:var(--wp--preset--spacing--80);padding-top:var(--wp--preset--spacing--60);padding-right:var(--wp--preset--spacing--80);padding-bottom:var(--wp--preset--spacing--60);padding-left:var(--wp--preset--spacing--80);grid-template-columns:auto 37%\"><div class=\"wp-block-media-text__content\">\n<h2 class=\"wp-block-heading\">Halkla \u0130li\u015fkiler ve \u0130tibar Y\u00f6netimi<\/h2>\n\n\n\n<p>Bir markan\u0131n en de\u011ferli sermayesi, g\u00fcvenidir.<br>SosyalUS olarak bu g\u00fcveni korumak ve b\u00fcy\u00fctmek i\u00e7in<br>bas\u0131n ileti\u015fiminden etkinlik planlamas\u0131na kadar t\u00fcm PR s\u00fcre\u00e7lerini titizlikle y\u00fcr\u00fct\u00fcyoruz.<br>Markan\u0131n do\u011fru alg\u0131lanmas\u0131, do\u011fru ileti\u015fimle m\u00fcmk\u00fcnd\u00fcr \u2014 biz o dili senin ad\u0131na kurar\u0131z.<\/p>\n<\/div><figure class=\"wp-block-media-text__media\"><img decoding=\"async\" src=\"http:\/\/sosyalus.com\/wp-content\/uploads\/2025\/10\/3-1.png\" alt=\"\" class=\"wp-image-74 size-full\"\/><\/figure><\/div>\n\n\n\n<div class=\"wp-block-media-text is-stacked-on-mobile\" style=\"margin-top:var(--wp--preset--spacing--80);margin-right:var(--wp--preset--spacing--80);margin-bottom:var(--wp--preset--spacing--80);margin-left:var(--wp--preset--spacing--80);padding-top:var(--wp--preset--spacing--60);padding-right:var(--wp--preset--spacing--80);padding-bottom:var(--wp--preset--spacing--60);padding-left:var(--wp--preset--spacing--80);grid-template-columns:40% auto\"><figure class=\"wp-block-media-text__media\"><img decoding=\"async\" src=\"http:\/\/sosyalus.com\/wp-content\/uploads\/2025\/10\/4-1.png\" alt=\"\" class=\"wp-image-75 size-full\"\/><\/figure><div class=\"wp-block-media-text__content\">\n<h2 class=\"wp-block-heading\">Reklam ve Kampanya Y\u00f6netimi<\/h2>\n\n\n\n<p>G\u00f6r\u00fclmek yeterli de\u011fildir, hat\u0131rlanmak gerekir.<br>Bu y\u00fczden her kampanyada hedefi net belirler, yarat\u0131c\u0131 fikirlerle fark yaratan reklam \u00e7al\u0131\u015fmalar\u0131 tasarlar\u0131z.<br>Geleneksel mecralardan dijitale kadar t\u00fcm kanallarda \u00f6l\u00e7\u00fclebilir sonu\u00e7lar elde etmeye odaklan\u0131r\u0131z.<\/p>\n<\/div><\/div>\n\n\n\n<figure class=\"wp-block-pullquote\"><blockquote><p><strong>SosyalUS olarak amac\u0131m\u0131z basit<\/strong>:<\/p><cite>Markan\u0131 anlatman\u0131n en etkili yolunu bulmak, o yolu seninle birlikte y\u00fcr\u00fcmek.<\/cite><\/blockquote><\/figure>\n","protected":false},"excerpt":{"rendered":"<p>&#8211; Hizmetlerimiz &#8211; Markan\u0131 anlatman\u0131n bir\u00e7ok yolu var. Biz hepsini senin i\u00e7in birle\u015ftiriyoruz. SosyalUS, dijital d\u00fcnyan\u0131n h\u0131z\u0131na ayak uydururken markalar\u0131n \u00f6z\u00fcn\u00fc koruyan ileti\u015fim \u00e7\u00f6z\u00fcmleri \u00fcretir.Stratejiden prod\u00fcksiyona, i\u00e7erikten halkla ili\u015fkilere kadar her ad\u0131mda do\u011fru mesaj\u0131, do\u011fru zamanda, do\u011fru kitleye ula\u015ft\u0131r\u0131r\u0131z.\u00c7\u00fcnk\u00fc iyi kurgulanm\u0131\u015f bir ileti\u015fim, fark edilmenin ilk ad\u0131m\u0131d\u0131r. Strateji ve Marka Y\u00f6netimi Bir markan\u0131n g\u00fc\u00e7l\u00fc bir [&hellip;]<\/p>\n","protected":false},"author":1,"featured_media":0,"parent":0,"menu_order":0,"comment_status":"closed","ping_status":"closed","template":"","meta":{"footnotes":""},"class_list":["post-54","page","type-page","status-publish","hentry"],"_links":{"self":[{"href":"https:\/\/sosyalus.com\/index.php?rest_route=\/wp\/v2\/pages\/54","targetHints":{"allow":["GET"]}}],"collection":[{"href":"https:\/\/sosyalus.com\/index.php?rest_route=\/wp\/v2\/pages"}],"about":[{"href":"https:\/\/sosyalus.com\/index.php?rest_route=\/wp\/v2\/types\/page"}],"author":[{"embeddable":true,"href":"https:\/\/sosyalus.com\/index.php?rest_route=\/wp\/v2\/users\/1"}],"replies":[{"embeddable":true,"href":"https:\/\/sosyalus.com\/index.php?rest_route=%2Fwp%2Fv2%2Fcomments&post=54"}],"version-history":[{"count":7,"href":"https:\/\/sosyalus.com\/index.php?rest_route=\/wp\/v2\/pages\/54\/revisions"}],"predecessor-version":[{"id":77,"href":"https:\/\/sosyalus.com\/index.php?rest_route=\/wp\/v2\/pages\/54\/revisions\/77"}],"wp:attachment":[{"href":"https:\/\/sosyalus.com\/index.php?rest_route=%2Fwp%2Fv2%2Fmedia&parent=54"}],"curies":[{"name":"wp","href":"https:\/\/api.w.org\/{rel}","templated":true}]}}