{"id":79,"date":"2025-10-21T10:19:06","date_gmt":"2025-10-21T10:19:06","guid":{"rendered":"http:\/\/sosyalus.com\/?page_id=79"},"modified":"2025-10-21T10:19:06","modified_gmt":"2025-10-21T10:19:06","slug":"iletisim","status":"publish","type":"page","link":"https:\/\/sosyalus.com\/?page_id=79","title":{"rendered":"\u0130leti\u015fim"},"content":{"rendered":"\n<div class=\"wp-block-group alignfull wp-block-section service-section is-layout-constrained wp-container-core-group-is-layout-71fdc015 wp-block-group-is-layout-constrained\" style=\"padding-top:var(--wp--preset--spacing--80);padding-right:0px;padding-bottom:var(--wp--preset--spacing--80);padding-left:0px\">\n<div class=\"wp-block-columns service-box is-layout-flex wp-container-core-columns-is-layout-33ba964e wp-block-columns-is-layout-flex\">\n<div class=\"wp-block-column is-layout-flow wp-block-column-is-layout-flow\" style=\"flex-basis:100%\">\n<div class=\"wp-block-group service-heading is-layout-constrained wp-container-core-group-is-layout-12243e0f wp-block-group-is-layout-constrained\">\n<h2 class=\"wp-block-heading has-text-align-center short-heading has-secondary-color has-text-color has-link-color has-poppins-font-family wp-elements-a852c78cd2607135405271d6d335adeb\" style=\"margin-top:0;margin-right:0;margin-bottom:0;margin-left:0;font-size:16px;font-style:normal;font-weight:600\">\u0130leti\u015fim<\/h2>\n\n\n\n<h3 class=\"wp-block-heading has-text-align-center\" style=\"margin-top:0;margin-bottom:0;font-size:24px;font-style:normal;font-weight:700\">Bize Ula\u015f\u0131n<\/h3>\n<\/div>\n\n\n\n<div id=\"custom-tabs\" class=\"wp-block-group wow animate__animated animate__fadeInUp is-layout-constrained wp-container-core-group-is-layout-12243e0f wp-block-group-is-layout-constrained\">\n<div id=\"service-cards-1\" class=\"wp-block-group service-cards is-layout-constrained wp-container-core-group-is-layout-12243e0f wp-block-group-is-layout-constrained\">\n<div class=\"wp-block-columns are-vertically-aligned-center service-main-box is-layout-flex wp-container-core-columns-is-layout-cf05694f wp-block-columns-is-layout-flex\">\n<div class=\"wp-block-column is-vertically-aligned-center service-box1 wow bounceInDown center has-background is-layout-flow wp-block-column-is-layout-flow\" style=\"border-radius:15px;background-color:#780cab;padding-top:0;padding-right:0;padding-bottom:0;padding-left:0\">\n<div class=\"wp-block-group services-inner-box has-secondary-background-color has-background is-layout-constrained wp-container-core-group-is-layout-9618fa89 wp-block-group-is-layout-constrained\" style=\"padding-top:var(--wp--preset--spacing--70);padding-right:var(--wp--preset--spacing--50);padding-bottom:var(--wp--preset--spacing--70);padding-left:var(--wp--preset--spacing--50)\">\n<figure class=\"wp-block-image aligncenter size-full is-resized has-custom-border service-icon wp-duotone-foreground-and-background\"><img loading=\"lazy\" decoding=\"async\" width=\"2560\" height=\"2560\" src=\"http:\/\/sosyalus.com\/wp-content\/uploads\/2025\/10\/6-scaled.png\" alt=\"\" class=\"wp-image-80\" style=\"border-radius:10px;object-fit:cover;width:63px;height:auto\" srcset=\"https:\/\/sosyalus.com\/wp-content\/uploads\/2025\/10\/6-scaled.png 2560w, https:\/\/sosyalus.com\/wp-content\/uploads\/2025\/10\/6-300x300.png 300w, https:\/\/sosyalus.com\/wp-content\/uploads\/2025\/10\/6-1024x1024.png 1024w, https:\/\/sosyalus.com\/wp-content\/uploads\/2025\/10\/6-150x150.png 150w, https:\/\/sosyalus.com\/wp-content\/uploads\/2025\/10\/6-768x768.png 768w, https:\/\/sosyalus.com\/wp-content\/uploads\/2025\/10\/6-1536x1536.png 1536w, https:\/\/sosyalus.com\/wp-content\/uploads\/2025\/10\/6-2048x2048.png 2048w\" sizes=\"auto, (max-width: 2560px) 100vw, 2560px\" \/><\/figure>\n\n\n\n<h4 class=\"wp-block-heading has-text-align-center service-heading has-text-color has-link-color wp-elements-a30ae42b0499b64f5c548420a64109f1\" style=\"color:#edf6ff;margin-top:0;margin-bottom:0;font-size:18px;font-style:normal;font-weight:600\"><a href=\"#\">Telefon<\/a><\/h4>\n\n\n\n<p class=\"has-text-align-center service-text has-text-color has-link-color wp-elements-c06849a2e316b19851fe8ab2c2e57fdc\" style=\"color:#fefeff;margin-top:var(--wp--preset--spacing--20);margin-right:0;margin-bottom:var(--wp--preset--spacing--20);margin-left:0;padding-right:var(--wp--preset--spacing--20);padding-left:var(--wp--preset--spacing--20);font-size:16px\"><a href=\"tel:12 3456789123\">0212 293 08 00<\/a><\/p>\n\n\n\n<div class=\"wp-block-buttons service-btn is-content-justification-center is-layout-flex wp-container-core-buttons-is-layout-e3757797 wp-block-buttons-is-layout-flex\" style=\"margin-top:0;margin-bottom:0;padding-top:0;padding-right:0;padding-bottom:0;padding-left:0\">\n<div class=\"wp-block-button\"><a class=\"wp-block-button__link has-background-background-color has-background has-custom-font-size wp-element-button\" href=\"#\" style=\"border-radius:50px;padding-top:var(--wp--preset--spacing--20);padding-right:var(--wp--preset--spacing--40);padding-bottom:var(--wp--preset--spacing--20);padding-left:var(--wp--preset--spacing--40);font-size:20px;line-height:1.5\"><img decoding=\"async\" class=\"wp-image-22\" style=\"width: 12px;\" src=\"http:\/\/sosyalus.com\/wp-content\/themes\/creative-design-agency\/assets\/images\/arrow.png\" alt=\"\"><\/a><\/div>\n<\/div>\n<\/div>\n<\/div>\n\n\n\n<div class=\"wp-block-column is-vertically-aligned-center service-box2 wow bounceInDown center has-background is-layout-flow wp-block-column-is-layout-flow\" style=\"border-radius:15px;background-color:#0000;padding-top:0;padding-right:0;padding-bottom:0;padding-left:0\">\n<div class=\"wp-block-group services-inner-box has-primary-background-color has-background is-layout-constrained wp-container-core-group-is-layout-9618fa89 wp-block-group-is-layout-constrained\" style=\"padding-top:var(--wp--preset--spacing--70);padding-right:var(--wp--preset--spacing--50);padding-bottom:var(--wp--preset--spacing--70);padding-left:var(--wp--preset--spacing--50)\">\n<figure class=\"wp-block-image aligncenter size-full is-resized has-custom-border service-icon wp-duotone-foreground-and-background\"><img loading=\"lazy\" decoding=\"async\" width=\"2560\" height=\"2560\" src=\"http:\/\/sosyalus.com\/wp-content\/uploads\/2025\/10\/7-scaled.png\" alt=\"\" class=\"wp-image-81\" style=\"border-radius:10px;object-fit:cover;width:65px;height:auto\" srcset=\"https:\/\/sosyalus.com\/wp-content\/uploads\/2025\/10\/7-scaled.png 2560w, https:\/\/sosyalus.com\/wp-content\/uploads\/2025\/10\/7-300x300.png 300w, https:\/\/sosyalus.com\/wp-content\/uploads\/2025\/10\/7-1024x1024.png 1024w, https:\/\/sosyalus.com\/wp-content\/uploads\/2025\/10\/7-150x150.png 150w, https:\/\/sosyalus.com\/wp-content\/uploads\/2025\/10\/7-768x768.png 768w, https:\/\/sosyalus.com\/wp-content\/uploads\/2025\/10\/7-1536x1536.png 1536w, https:\/\/sosyalus.com\/wp-content\/uploads\/2025\/10\/7-2048x2048.png 2048w\" sizes=\"auto, (max-width: 2560px) 100vw, 2560px\" \/><\/figure>\n\n\n\n<h4 class=\"wp-block-heading has-text-align-center service-heading has-text-color has-link-color wp-elements-a985c5c69ffebc65ff200abe00c33e3c\" style=\"color:#edf6ff;margin-top:0;margin-bottom:0;font-size:18px;font-style:normal;font-weight:600\"><a href=\"#\">Mail<\/a><\/h4>\n\n\n\n<p class=\"has-text-align-center service-text has-text-color has-link-color wp-elements-69bb8f762795020704a1092f16e8d664\" style=\"color:#fefeff;margin-top:var(--wp--preset--spacing--20);margin-right:0;margin-bottom:var(--wp--preset--spacing--20);margin-left:0;padding-right:var(--wp--preset--spacing--20);padding-left:var(--wp--preset--spacing--20);font-size:16px\">info@sosyalus.com<\/p>\n\n\n\n<div class=\"wp-block-buttons service-btn is-content-justification-center is-layout-flex wp-container-core-buttons-is-layout-e3757797 wp-block-buttons-is-layout-flex\" style=\"margin-top:0;margin-bottom:0;padding-top:0;padding-right:0;padding-bottom:0;padding-left:0\">\n<div class=\"wp-block-button\"><a class=\"wp-block-button__link has-background-background-color has-background has-custom-font-size wp-element-button\" href=\"#\" style=\"border-radius:50px;padding-top:var(--wp--preset--spacing--20);padding-right:var(--wp--preset--spacing--40);padding-bottom:var(--wp--preset--spacing--20);padding-left:var(--wp--preset--spacing--40);font-size:20px;line-height:1.5\"><img decoding=\"async\" class=\"wp-image-22\" style=\"width: 12px;\" src=\"http:\/\/sosyalus.com\/wp-content\/themes\/creative-design-agency\/assets\/images\/arrow02.png\" alt=\"\"><\/a><\/div>\n<\/div>\n<\/div>\n<\/div>\n\n\n\n<div class=\"wp-block-column is-vertically-aligned-center service-box3 wow bounceInDown center has-background is-layout-flow wp-block-column-is-layout-flow\" style=\"border-radius:15px;background-color:#780cab;padding-top:0;padding-right:0;padding-bottom:0;padding-left:0\">\n<div class=\"wp-block-group services-inner-box has-secondary-background-color has-background is-layout-constrained wp-container-core-group-is-layout-9618fa89 wp-block-group-is-layout-constrained\" style=\"padding-top:var(--wp--preset--spacing--70);padding-right:var(--wp--preset--spacing--50);padding-bottom:var(--wp--preset--spacing--70);padding-left:var(--wp--preset--spacing--50)\">\n<figure class=\"wp-block-image aligncenter size-full is-resized has-custom-border service-icon wp-duotone-foreground-and-background\"><img loading=\"lazy\" decoding=\"async\" width=\"2560\" height=\"2560\" src=\"http:\/\/sosyalus.com\/wp-content\/uploads\/2025\/10\/8-scaled.png\" alt=\"\" class=\"wp-image-82\" style=\"border-radius:10px;object-fit:cover;width:63px;height:auto\" srcset=\"https:\/\/sosyalus.com\/wp-content\/uploads\/2025\/10\/8-scaled.png 2560w, https:\/\/sosyalus.com\/wp-content\/uploads\/2025\/10\/8-300x300.png 300w, https:\/\/sosyalus.com\/wp-content\/uploads\/2025\/10\/8-1024x1024.png 1024w, https:\/\/sosyalus.com\/wp-content\/uploads\/2025\/10\/8-150x150.png 150w, https:\/\/sosyalus.com\/wp-content\/uploads\/2025\/10\/8-768x768.png 768w, https:\/\/sosyalus.com\/wp-content\/uploads\/2025\/10\/8-1536x1536.png 1536w, https:\/\/sosyalus.com\/wp-content\/uploads\/2025\/10\/8-2048x2048.png 2048w\" sizes=\"auto, (max-width: 2560px) 100vw, 2560px\" \/><\/figure>\n\n\n\n<h4 class=\"wp-block-heading has-text-align-center service-heading has-text-color has-link-color wp-elements-9565fcfea7ac8a5e6c03029b7145a7b8\" style=\"color:#edf6ff;margin-top:0;margin-bottom:0;font-size:18px;font-style:normal;font-weight:600\"><a href=\"#\">Adres<\/a><\/h4>\n\n\n\n<p class=\"has-text-align-center service-text has-text-color has-link-color wp-elements-44c7a2ffc70d96b51fab89376fb15f6d\" style=\"color:#fefeff;margin-top:var(--wp--preset--spacing--20);margin-right:0;margin-bottom:var(--wp--preset--spacing--20);margin-left:0;padding-right:var(--wp--preset--spacing--20);padding-left:var(--wp--preset--spacing--20);font-size:16px\">Yunus Emre Caddesi Ye\u015filce Mahallesi No:6 Kat:3 Ka\u011f\u0131thane\/\u0130stanbul<\/p>\n\n\n\n<div class=\"wp-block-buttons service-btn is-content-justification-center is-layout-flex wp-container-core-buttons-is-layout-e3757797 wp-block-buttons-is-layout-flex\" style=\"margin-top:0;margin-bottom:0;padding-top:0;padding-right:0;padding-bottom:0;padding-left:0\">\n<div class=\"wp-block-button\"><a class=\"wp-block-button__link has-background-background-color has-background has-custom-font-size wp-element-button\" href=\"#\" style=\"border-radius:50px;padding-top:var(--wp--preset--spacing--20);padding-right:var(--wp--preset--spacing--40);padding-bottom:var(--wp--preset--spacing--20);padding-left:var(--wp--preset--spacing--40);font-size:20px;line-height:1.5\"><img decoding=\"async\" class=\"wp-image-22\" style=\"width: 12px;\" src=\"http:\/\/sosyalus.com\/wp-content\/themes\/creative-design-agency\/assets\/images\/arrow.png\" alt=\"\"><\/a><\/div>\n<\/div>\n<\/div>\n<\/div>\n<\/div>\n<\/div>\n<\/div>\n<\/div>\n<\/div>\n<\/div>\n\n\n\n<p><\/p>\n","protected":false},"excerpt":{"rendered":"<p>\u0130leti\u015fim Bize Ula\u015f\u0131n Telefon 0212 293 08 00 Mail info@sosyalus.com Adres Yunus Emre Caddesi Ye\u015filce Mahallesi No:6 Kat:3 Ka\u011f\u0131thane\/\u0130stanbul<\/p>\n","protected":false},"author":1,"featured_media":0,"parent":0,"menu_order":0,"comment_status":"closed","ping_status":"closed","template":"","meta":{"footnotes":""},"class_list":["post-79","page","type-page","status-publish","hentry"],"_links":{"self":[{"href":"https:\/\/sosyalus.com\/index.php?rest_route=\/wp\/v2\/pages\/79","targetHints":{"allow":["GET"]}}],"collection":[{"href":"https:\/\/sosyalus.com\/index.php?rest_route=\/wp\/v2\/pages"}],"about":[{"href":"https:\/\/sosyalus.com\/index.php?rest_route=\/wp\/v2\/types\/page"}],"author":[{"embeddable":true,"href":"https:\/\/sosyalus.com\/index.php?rest_route=\/wp\/v2\/users\/1"}],"replies":[{"embeddable":true,"href":"https:\/\/sosyalus.com\/index.php?rest_route=%2Fwp%2Fv2%2Fcomments&post=79"}],"version-history":[{"count":1,"href":"https:\/\/sosyalus.com\/index.php?rest_route=\/wp\/v2\/pages\/79\/revisions"}],"predecessor-version":[{"id":83,"href":"https:\/\/sosyalus.com\/index.php?rest_route=\/wp\/v2\/pages\/79\/revisions\/83"}],"wp:attachment":[{"href":"https:\/\/sosyalus.com\/index.php?rest_route=%2Fwp%2Fv2%2Fmedia&parent=79"}],"curies":[{"name":"wp","href":"https:\/\/api.w.org\/{rel}","templated":true}]}}